{"id":61,"date":"2010-03-30T22:24:39","date_gmt":"2010-03-31T01:24:39","guid":{"rendered":"http:\/\/www.olapdomain.com\/clients\/capemvel\/cms\/?page_id=61"},"modified":"2010-06-01T15:10:58","modified_gmt":"2010-06-01T18:10:58","slug":"encuesta-poblacional","status":"publish","type":"page","link":"https:\/\/capemvel.org.ar\/?page_id=61","title":{"rendered":"Encuesta poblacional"},"content":{"rendered":"<p id=\"top\" \/>\n<h3>Est\u00e1 preparado el argentino, para utilizar los Medicamentos de Venta Libre en forma responsable?<\/h3>\n<ul>\n<li>54% compra MVL por recomendaci\u00f3n profesional (m\u00e9dico o farmac\u00e9utico) y conoce el medicamento (3 o m\u00e1s a\u00f1os que lo utiliza).<\/li>\n<li>S\u00f3lo el 5% declara haber tenido alguna molestia (65% leve o muy leve).<\/li>\n<li>69% sabe que pueden tener contraindicaciones.<\/li>\n<li>73% reconoce que son potencialmente peligrosos si se los utiliza en forma indebida.<\/li>\n<li>87% prefiere no tomar medicamentos si no est\u00e1 seguro de lo que tiene.<\/li>\n<li>91% lee las instrucciones la primera vez que utiliza el MVL.<\/li>\n<li>73% utiliza MVL por conveniencia (son m\u00e1s econ\u00f3micos, evita consultas m\u00e9dicas innecesarias, los consigue f\u00e1cilmente).<\/li>\n<li>90% cree que puede cuidar su salud si son temas sencillos.<\/li>\n<li>75% considera que puede hacerse cargo de su salud si cuenta con la informaci\u00f3n adecuada.<\/li>\n<li>82% encuentra f\u00e1cil \/ muy f\u00e1cil entender las etiquetas.<\/li>\n<\/ul>\n<p>Fuente: investigaci\u00f3n de mercado IPSOS, diciembre 2002<\/p>\n","protected":false},"excerpt":{"rendered":"<p>Est\u00e1 preparado el argentino, para utilizar los Medicamentos de Venta Libre en forma responsable? 54% compra MVL por recomendaci\u00f3n profesional (m\u00e9dico o farmac\u00e9utico) y conoce el medicamento (3 o m\u00e1s a\u00f1os que lo utiliza). S\u00f3lo el 5% declara haber tenido alguna molestia (65% leve o muy leve). 69% sabe que pueden tener contraindicaciones. 73% reconoce&nbsp;&nbsp;<a href=\"https:\/\/capemvel.org.ar\/?page_id=61\">m&aacute;s &raquo;<\/a><\/p>\n","protected":false},"author":1,"featured_media":0,"parent":53,"menu_order":0,"comment_status":"closed","ping_status":"closed","template":"","meta":{"footnotes":""},"class_list":["post-61","page","type-page","status-publish","hentry"],"_links":{"self":[{"href":"https:\/\/capemvel.org.ar\/index.php?rest_route=\/wp\/v2\/pages\/61","targetHints":{"allow":["GET"]}}],"collection":[{"href":"https:\/\/capemvel.org.ar\/index.php?rest_route=\/wp\/v2\/pages"}],"about":[{"href":"https:\/\/capemvel.org.ar\/index.php?rest_route=\/wp\/v2\/types\/page"}],"author":[{"embeddable":true,"href":"https:\/\/capemvel.org.ar\/index.php?rest_route=\/wp\/v2\/users\/1"}],"replies":[{"embeddable":true,"href":"https:\/\/capemvel.org.ar\/index.php?rest_route=%2Fwp%2Fv2%2Fcomments&post=61"}],"version-history":[{"count":3,"href":"https:\/\/capemvel.org.ar\/index.php?rest_route=\/wp\/v2\/pages\/61\/revisions"}],"predecessor-version":[{"id":315,"href":"https:\/\/capemvel.org.ar\/index.php?rest_route=\/wp\/v2\/pages\/61\/revisions\/315"}],"up":[{"embeddable":true,"href":"https:\/\/capemvel.org.ar\/index.php?rest_route=\/wp\/v2\/pages\/53"}],"wp:attachment":[{"href":"https:\/\/capemvel.org.ar\/index.php?rest_route=%2Fwp%2Fv2%2Fmedia&parent=61"}],"curies":[{"name":"wp","href":"https:\/\/api.w.org\/{rel}","templated":true}]}}