{"id":55,"date":"2010-03-30T22:23:44","date_gmt":"2010-03-31T01:23:44","guid":{"rendered":"http:\/\/www.olapdomain.com\/clients\/capemvel\/cms\/?page_id=55"},"modified":"2026-03-13T09:55:47","modified_gmt":"2026-03-13T12:55:47","slug":"dolencias","status":"publish","type":"page","link":"https:\/\/capemvel.org.ar\/?page_id=55","title":{"rendered":"Dolencias"},"content":{"rendered":"<p id=\"top\" \/>\n<h3>Principales dolencias menores y sus tratamientos<\/h3>\n<p><\/p>\n<h4>Principales Dolencias<\/h4>\n<div style=\"padding-left:10px\">\n\t<span class=\"nice_link\"><a href=\"javascript:openWin('..\/popups\/dolencias\/dolor.php','dolencias', 500, 300)\">Dolor<\/a><\/span><br \/>\n\t<span class=\"nice_link\"><a href=\"javascript:openWin('..\/popups\/dolencias\/gastrointestinales.php','dolencias', 500, 300)\">Dolencias del aparato gastrointestinal y trastornos de la digesti\u00f3n<\/a><\/span><br \/>\n\t<span class=\"nice_link\"><a href=\"javascript:openWin('..\/popups\/dolencias\/fiebre.php','dolencias', 500, 300)\">Fiebre<\/a><\/span><br \/>\n\t<span class=\"nice_link\"><a href=\"javascript:openWin('..\/popups\/dolencias\/aparatorespiratorio.php','dolencias', 500, 300)\">Dolencias del aparato respiratorio<\/a><\/span><br \/>\n\t<span class=\"nice_link\"><a href=\"javascript:openWin('..\/popups\/dolencias\/piel.php','dolencias', 500, 300)\">Dolencias de la piel<\/a><\/span><br \/>\n\t<span class=\"nice_link\"><a href=\"javascript:openWin('..\/popups\/dolencias\/pediculosis.php','dolencias', 500, 300)\">Pediculosis<\/a><\/span><br \/>\n\t<span class=\"nice_link\"><a href=\"javascript:openWin('..\/popups\/dolencias\/alergias.php','dolencias', 500, 300)\">Alergias<\/a><\/span><br \/>\n\t<span class=\"nice_link\"><a href=\"javascript:openWin('..\/popups\/dolencias\/osteoporosis.php','dolencias', 500, 300)\">Osteoporosis<\/a><\/span><br \/>\n\t<span class=\"nice_link\"><a href=\"javascript:openWin('..\/popups\/dolencias\/insomnio.php','dolencias', 500, 300)\">Insomnio<\/a><\/span>\n<\/div>\n<p><\/p>\n<h4>Cuidados<\/h4>\n<div style=\"padding-left:10px\">\n\t<span class=\"nice_link\"><a href=\"javascript:openWin('..\/popups\/dolencias\/oidos.php','dolencias', 500, 300)\">Cuidados del o\u00eddo<\/a><\/span><br \/>\n\t<span class=\"nice_link\"><a href=\"javascript:openWin('..\/popups\/dolencias\/ojos.php','dolencias', 500, 300)\">Cuidados de los ojos<\/a><\/span>\n<\/div>\n<p>\nTomado de la Gu\u00eda Pr\u00e1ctica de Medicamentos de Venta Libre; Ed. Trinidad s.r.l.; 1999<\/p>\n","protected":false},"excerpt":{"rendered":"<p>Principales dolencias menores y sus tratamientos Principales Dolencias Dolor Dolencias del aparato gastrointestinal y trastornos de la digesti\u00f3n Fiebre Dolencias del aparato respiratorio Dolencias de la piel Pediculosis Alergias Osteoporosis Insomnio Cuidados Cuidados del o\u00eddo Cuidados de los ojos Tomado de la Gu\u00eda Pr\u00e1ctica de Medicamentos de Venta Libre; Ed. Trinidad s.r.l.; 1999<\/p>\n","protected":false},"author":1,"featured_media":0,"parent":53,"menu_order":0,"comment_status":"closed","ping_status":"closed","template":"","meta":{"footnotes":""},"class_list":["post-55","page","type-page","status-publish","hentry"],"_links":{"self":[{"href":"https:\/\/capemvel.org.ar\/index.php?rest_route=\/wp\/v2\/pages\/55","targetHints":{"allow":["GET"]}}],"collection":[{"href":"https:\/\/capemvel.org.ar\/index.php?rest_route=\/wp\/v2\/pages"}],"about":[{"href":"https:\/\/capemvel.org.ar\/index.php?rest_route=\/wp\/v2\/types\/page"}],"author":[{"embeddable":true,"href":"https:\/\/capemvel.org.ar\/index.php?rest_route=\/wp\/v2\/users\/1"}],"replies":[{"embeddable":true,"href":"https:\/\/capemvel.org.ar\/index.php?rest_route=%2Fwp%2Fv2%2Fcomments&post=55"}],"version-history":[{"count":16,"href":"https:\/\/capemvel.org.ar\/index.php?rest_route=\/wp\/v2\/pages\/55\/revisions"}],"predecessor-version":[{"id":806,"href":"https:\/\/capemvel.org.ar\/index.php?rest_route=\/wp\/v2\/pages\/55\/revisions\/806"}],"up":[{"embeddable":true,"href":"https:\/\/capemvel.org.ar\/index.php?rest_route=\/wp\/v2\/pages\/53"}],"wp:attachment":[{"href":"https:\/\/capemvel.org.ar\/index.php?rest_route=%2Fwp%2Fv2%2Fmedia&parent=55"}],"curies":[{"name":"wp","href":"https:\/\/api.w.org\/{rel}","templated":true}]}}