{"id":53,"date":"2010-03-30T22:23:01","date_gmt":"2010-03-31T01:23:01","guid":{"rendered":"http:\/\/www.olapdomain.com\/clients\/capemvel\/cms\/?page_id=53"},"modified":"2010-06-08T15:50:35","modified_gmt":"2010-06-08T18:50:35","slug":"informacion-util","status":"publish","type":"page","link":"https:\/\/capemvel.org.ar\/?page_id=53","title":{"rendered":"Informaci\u00f3n &Uacute;til"},"content":{"rendered":"<p id=\"top\" \/><span class=\"nice_link\"><a href=\".\/?page_id=55\">Dolencias<\/a><\/span><br \/>\nDescripci\u00f3n, principales causas y s\u00edntomas de las patolog\u00edas m\u00e1s frecuentes.<\/p>\n<p><span class=\"nice_link\"><a href=\".\/?page_id=57\">Seguridad<\/a><\/span><br \/>\nFormularios de farmacovigilancia proporcionados por la ANMAT para que la poblaci\u00f3n pueda notificar a esta entidad hechos de diversa \u00edndole.<\/p>\n<p><span class=\"nice_link\"><a href=\".\/?page_id=59\">Aspectos Regulatorios<\/a><\/span><br \/>\nNormativas que regulan la producci\u00f3n, clasificaci\u00f3n, comercializaci\u00f3n y publicidad de los medicamentos de venta libre en la Argentina.<\/p>\n<p><span class=\"nice_link\"><a href=\".\/?page_id=61\">Encuesta Poblacional<\/a><\/span><br \/>\nInformaci\u00f3n estad\u00edstica sobre uso responsable de medicamentos de venta libre.<\/p>\n<p><span class=\"nice_link\"><a href=\".\/?page_id=121\">Preguntas Habituales<\/a><\/span><br \/>\nRespuestas a las dudas m\u00e1s frecuentes sobre medicamentos de venta libre y consejos para hacer uso de los mismos de forma adecuada.<\/p>\n<p><span class=\"nice_link\"><a href=\".\/?page_id=126\">Medicamentos de Venta Libre<\/a><\/span><br \/>\nEl ABC de los medicamentos de venta sin receta: descripci\u00f3n, principios, regulaciones, publicidad, etc.<\/p>\n<p><span class=\"nice_link\"><a href=\".\/?page_id=218\">Eventos<\/a><\/span><br \/>\nUna completa agenda con los eventos del sector.<\/p>\n","protected":false},"excerpt":{"rendered":"<p>Dolencias Descripci\u00f3n, principales causas y s\u00edntomas de las patolog\u00edas m\u00e1s frecuentes. Seguridad Formularios de farmacovigilancia proporcionados por la ANMAT para que la poblaci\u00f3n pueda notificar a esta entidad hechos de diversa \u00edndole. Aspectos Regulatorios Normativas que regulan la producci\u00f3n, clasificaci\u00f3n, comercializaci\u00f3n y publicidad de los medicamentos de venta libre en la Argentina. Encuesta Poblacional Informaci\u00f3n&nbsp;&nbsp;<a href=\"https:\/\/capemvel.org.ar\/?page_id=53\">m&aacute;s &raquo;<\/a><\/p>\n","protected":false},"author":1,"featured_media":0,"parent":0,"menu_order":0,"comment_status":"closed","ping_status":"closed","template":"","meta":{"footnotes":""},"class_list":["post-53","page","type-page","status-publish","hentry"],"_links":{"self":[{"href":"https:\/\/capemvel.org.ar\/index.php?rest_route=\/wp\/v2\/pages\/53","targetHints":{"allow":["GET"]}}],"collection":[{"href":"https:\/\/capemvel.org.ar\/index.php?rest_route=\/wp\/v2\/pages"}],"about":[{"href":"https:\/\/capemvel.org.ar\/index.php?rest_route=\/wp\/v2\/types\/page"}],"author":[{"embeddable":true,"href":"https:\/\/capemvel.org.ar\/index.php?rest_route=\/wp\/v2\/users\/1"}],"replies":[{"embeddable":true,"href":"https:\/\/capemvel.org.ar\/index.php?rest_route=%2Fwp%2Fv2%2Fcomments&post=53"}],"version-history":[{"count":2,"href":"https:\/\/capemvel.org.ar\/index.php?rest_route=\/wp\/v2\/pages\/53\/revisions"}],"predecessor-version":[{"id":388,"href":"https:\/\/capemvel.org.ar\/index.php?rest_route=\/wp\/v2\/pages\/53\/revisions\/388"}],"wp:attachment":[{"href":"https:\/\/capemvel.org.ar\/index.php?rest_route=%2Fwp%2Fv2%2Fmedia&parent=53"}],"curies":[{"name":"wp","href":"https:\/\/api.w.org\/{rel}","templated":true}]}}