{"id":393,"date":"2010-06-14T13:29:23","date_gmt":"2010-06-14T16:29:23","guid":{"rendered":"http:\/\/www.olapdomain.com\/clients\/capemvel\/cms\/?page_id=393"},"modified":"2025-06-30T10:04:25","modified_gmt":"2025-06-30T13:04:25","slug":"capemvel","status":"publish","type":"page","link":"https:\/\/capemvel.org.ar\/?page_id=393","title":{"rendered":"Sobre CAPEMVeL"},"content":{"rendered":"<p id=\"top\" \/>[et_pb_section admin_label=&#8221;section&#8221;]\n\t\t\t[et_pb_row admin_label=&#8221;row&#8221;]\n\t\t\t\t[et_pb_column type=&#8221;4_4&#8243;][et_pb_text admin_label=&#8221;Text&#8221;]\n<p>CAPEMVeL est\u00e1 integrada por empresas nacionales e internacionales con la m\u00e1s alta representatividad<br>del sector nacional e internacional, que comparten un fuerte sentido \u00e9tico de servicio a la comunidad.<\/p>\n\n\n\n<hr class=\"wp-block-separator has-css-opacity\"\/>\n\n\n\n<h3 class=\"wp-block-heading\">COMISI\u00d3N DIRECTIVA<\/h3>\n\n\n\n<figure class=\"wp-block-table is-style-stripes\"><table><tbody><tr><td>Presidente<\/td><td>Alejandro Balladares (Gram\u00f3n)<\/td><\/tr><tr><td>Vicepresidente<\/td><td>Santiago Vaz (Andr\u00f3maco)<\/td><\/tr><tr><td>Secretario<\/td><td>Marcelo Vanelli (Bayer)<\/td><\/tr><tr><td>Tesorero<\/td><td>Germ\u00e1n Heinken (Genomma Lab)<\/td><\/tr><tr><td>Vocales Titulares<\/td><td>Luis Fern\u00e1ndez (Pfizer)<br>Leonardo Talarico (Bag\u00f3)<br>Alex Bonifacio (Raffo)<br>Dami\u00e1n Spaccesi (Baliarda)<br>Mariano Vignolo (Casasco)<\/td><\/tr><tr><td>Vocales Suplentes<\/td><td>Mat\u00edas B\u00f3scolo (Sidus)<br>Roberto Montagna (Catalent)<br>Paula Serrago (Temis Lostal\u00f3)<\/td><\/tr><tr><td>Comisi\u00f3n Revisora de Cuentas &#8211; Titulares<\/td><td>Sebasti\u00e1n Benevenia (Gram\u00f3n)<br>Pablo Towstyj (Reckitt Benckiser)<br>Rosario Torterola Sangiorgio (Bag\u00f3)<\/td><\/tr><tr><td>Revisor de Cuentas Suplente<\/td><td>Juan Fern\u00e1ndez (Gram\u00f3n)<\/td><\/tr><tr><td>Asesora T\u00e9cnica<\/td><td>Jimena Worcel<\/td><\/tr><tr><td>Director Ejecutivo<\/td><td>Juan Tonelli<\/td><\/tr><\/tbody><\/table><\/figure>\n\n\n\n<p><\/p>\n[\/et_pb_text][\/et_pb_column]\n\t\t\t[\/et_pb_row]\n\t\t[\/et_pb_section]","protected":false},"excerpt":{"rendered":"<p>[et_pb_section admin_label=&#8221;section&#8221;] [et_pb_row admin_label=&#8221;row&#8221;] [et_pb_column type=&#8221;4_4&#8243;][et_pb_text admin_label=&#8221;Text&#8221;] CAPEMVeL est\u00e1 integrada por empresas nacionales e internacionales con la m\u00e1s alta representatividaddel sector nacional e internacional, que comparten un fuerte sentido \u00e9tico de servicio a la comunidad. COMISI\u00d3N DIRECTIVA Presidente Alejandro Balladares (Gram\u00f3n) Vicepresidente Santiago Vaz (Andr\u00f3maco) Secretario Marcelo Vanelli (Bayer) Tesorero Germ\u00e1n Heinken (Genomma Lab) Vocales&nbsp;&nbsp;<a href=\"https:\/\/capemvel.org.ar\/?page_id=393\">m&aacute;s &raquo;<\/a><\/p>\n","protected":false},"author":1,"featured_media":0,"parent":49,"menu_order":0,"comment_status":"closed","ping_status":"closed","template":"","meta":{"footnotes":""},"class_list":["post-393","page","type-page","status-publish","hentry"],"_links":{"self":[{"href":"https:\/\/capemvel.org.ar\/index.php?rest_route=\/wp\/v2\/pages\/393","targetHints":{"allow":["GET"]}}],"collection":[{"href":"https:\/\/capemvel.org.ar\/index.php?rest_route=\/wp\/v2\/pages"}],"about":[{"href":"https:\/\/capemvel.org.ar\/index.php?rest_route=\/wp\/v2\/types\/page"}],"author":[{"embeddable":true,"href":"https:\/\/capemvel.org.ar\/index.php?rest_route=\/wp\/v2\/users\/1"}],"replies":[{"embeddable":true,"href":"https:\/\/capemvel.org.ar\/index.php?rest_route=%2Fwp%2Fv2%2Fcomments&post=393"}],"version-history":[{"count":66,"href":"https:\/\/capemvel.org.ar\/index.php?rest_route=\/wp\/v2\/pages\/393\/revisions"}],"predecessor-version":[{"id":796,"href":"https:\/\/capemvel.org.ar\/index.php?rest_route=\/wp\/v2\/pages\/393\/revisions\/796"}],"up":[{"embeddable":true,"href":"https:\/\/capemvel.org.ar\/index.php?rest_route=\/wp\/v2\/pages\/49"}],"wp:attachment":[{"href":"https:\/\/capemvel.org.ar\/index.php?rest_route=%2Fwp%2Fv2%2Fmedia&parent=393"}],"curies":[{"name":"wp","href":"https:\/\/api.w.org\/{rel}","templated":true}]}}