{"id":126,"date":"2010-04-04T00:49:36","date_gmt":"2010-04-04T03:49:36","guid":{"rendered":"http:\/\/www.olapdomain.com\/clients\/capemvel\/cms\/?page_id=126"},"modified":"2010-11-08T12:50:13","modified_gmt":"2010-11-08T15:50:13","slug":"medicamentos-de-venta-libre","status":"publish","type":"page","link":"https:\/\/capemvel.org.ar\/?page_id=126","title":{"rendered":"Medicamentos de Venta Libre"},"content":{"rendered":"<p id=\"top\" \/>\n<p><a id=\"q1\"><\/a><span class=\"nice_link\"><a href=\"javascript:toggleElement('comment1');\">\u00bfQu\u00e9 es un medicamento de Venta Libre?<img decoding=\"async\" src=\".\/wp-content\/themes\/levitation\/images\/skin1\/reload_btn.png\" style=\"border:none\"><\/a><\/span><\/p>\n<div id=\"comment1\" style=\"overflow:hidden;padding-left:5px\">\nLa ley argentina define: &#8220;Corresponde la condici\u00f3n de Venta Libre a aquellos medicamentos destinados a aliviar dolencias que no exigen en la pr\u00e1ctica de la intervenci\u00f3n m\u00e9dica y que adem\u00e1s, su uso en la forma, condiciones y dosis previstas, no entra\u00f1a, por su amplio margen de seguridad, peligros para el consumidor&#8221;.<br \/>\nEn el a\u00f1o 1990 la OMS (Organizaci\u00f3n Mundial de la Salud) adopt\u00f3 como definici\u00f3n la Venta Libre u OTC* a los &#8220;medicamentos cuya entrega y administraci\u00f3n no requieren de la autorizaci\u00f3n de un facultativo. Pueden existir diferentes categor\u00edas para estos medicamentos, de acuerdo con la legislaci\u00f3n de cada pa\u00eds. Asimismo, el lugar de estos productos puede estar limitado a las farmacias o puede darse en establecimientos comerciales&#8221;.<\/p>\n<p style=\"font-style: italic\">*Sigla en ingl\u00e9s (Over The Counter) utilizada habitualmente para los medicamentos y productos relacionados con la salud de Venta Libre.<\/p>\n<p>Tomado de la Gu\u00eda Pr\u00e1ctica de Medicamentos de Venta Libre; Ed. Trinidad s.r.l.; 1999<\/p>\n<div style=\"text-align:center;width:100%\">\n<table style=\"border:1px solid gray; color:black; background:#ffffdd; width:100%\">\n<tr>\n<td>\nUse medicamentos de venta libre s\u00f3lo si realmente los necesita.\n<\/td>\n<\/tr>\n<\/table>\n<\/div>\n<p>\n<\/div>\n<p><a id=\"q2\"><\/a><span class=\"nice_link\"><a href=\"javascript:toggleElement('comment2');\">Los medicamentos de Venta Libre y el rol de la publicidad<img decoding=\"async\" src=\".\/wp-content\/themes\/levitation\/images\/skin1\/reload_btn.png\" style=\"border:none\"><\/a><\/span><\/p>\n<div id=\"comment2\" style=\"overflow:hidden;padding-left:5px\">\nLa Organizaci\u00f3n Mundial de la Salud describi\u00f3 el rol y el prop\u00f3sito del rotulado de la siguiente manera:<\/p>\n<p>&#8220;El prop\u00f3sito del rotulado es establecer claramente la marca del producto y deber\u00e1 incluir toda la informaci\u00f3n relevante que el comprador individual debe tener para utilizarlo apropiadamente\u2026el rotulado es un \u201cmedio de alta participaci\u00f3n\u201d y  tiende a llevar una carga mayor de informaci\u00f3n sobre el producto para el usuario que la publicidad. La mayor\u00eda de los que leen los r\u00f3tulos est\u00e1n motivados para concentrarse en ellos, comprenderlos, seguir las indicaciones y tomar las precauciones indicadas. Sin embargo, lo importante no es hasta qu\u00e9 punto los usuarios realmente leen cada r\u00f3tulo en s\u00ed, sino que puedan consultarlos por cuestiones de uso y seguridad.&#8221;<\/p>\n<p>&#8220;Atrae la atenci\u00f3n, ofrece elecciones y provee informaci\u00f3n general limitada a las audiencias masivas de usuarios.  Debe estimular el inter\u00e9s de los eventuales usuarios en\u2026 un producto, [e] informarles sobre lo que \u00e9ste podr\u00eda hacer por ellos\u2026  Por lo tanto la publicidad no deber\u00eda sobrecargarse de informaci\u00f3n al punto en que el posible comprador individual pudiera no comprenderla o inclusive ignorarla.&#8221;<\/p>\n<p>Publicaci\u00f3n OMS &#8220;Criterios \u00e9ticos para la promoci\u00f3n de Medicamentos\u201c \u2013 A\u00f1o 1988<\/p>\n<p>Tomado de la Gu\u00eda Pr\u00e1ctica de Medicamentos de Venta Libre; Ed. Trinidad s.r.l.; 1999<br \/>\n\n<\/div>\n<p><a id=\"q3\"><\/a><span class=\"nice_link\"><a href=\"javascript:toggleElement('comment3');\">Principios esenciales de los medicamentos de Venta Libre<img decoding=\"async\" src=\".\/wp-content\/themes\/levitation\/images\/skin1\/reload_btn.png\" style=\"border:none\"><\/a><\/span><\/p>\n<div id=\"comment3\" style=\"overflow:hidden;padding-left:5px\">\n<ul>\n<li>Los medicamentos de Venta Libre, como cualquier medicamento, son aprobados por las Autoridades de Salud.<\/li>\n<li>Las empresas farmac\u00e9uticas est\u00e1n autorizadas y supervisadas por las Autoridades de Salud para su elaboraci\u00f3n, control y venta.<\/li>\n<li>Act\u00faan sobre s\u00edntomas y patolog\u00edas leves, reconocibles por el usuario.<\/li>\n<li>Tienen informaci\u00f3n orientativa para el usuario y recomiendan la concurrencia al m\u00e9dico en caso de duda o reiteraci\u00f3n de s\u00edntomas.<\/li>\n<li>Son efectivos y seguros debido al conocimiento que de ellos tienen los profesionales, las autoridades y el usuario.<\/li>\n<li>Poseen las condiciones de calidad que exigen las Autoridades de Salud para todos los productos farmac\u00e9uticos.<\/li>\n<li>Representan un gasto menor para la comunidad.<\/li>\n<\/ul>\n<p>Tomado de la Gu\u00eda Pr\u00e1ctica de Medicamentos de Venta Libre; Ed. Trinidad s.r.l.; 1999<br \/>\n\n<\/div>\n<p><a id=\"q4\"><\/a><span class=\"nice_link\"><a href=\"javascript:toggleElement('comment4');\">\u00bfQu\u00e9 es el buen uso del medicamento?<img decoding=\"async\" src=\".\/wp-content\/themes\/levitation\/images\/skin1\/reload_btn.png\" style=\"border:none\"><\/a><\/span><\/p>\n<div id=\"comment4\" style=\"overflow:hidden;padding-left:5px\">\nEl cuidado de la salud en general, y el buen uso del medicamento como parte de ese cuidado, son elementos esenciales para la atenci\u00f3n de la salud de la comunidad que se basa en el uso racional del medicamento.<\/p>\n<p>Ello implica el tratamiento adecuado de dolencias menores y la pr\u00e1ctica de conductas preventivas con productos aprobados para su expendio sin necesidad de prescripci\u00f3n m\u00e9dica, que son probadamente seguros y efectivos cuando son utilizados de acuerdo con las instrucciones indicadas en los r\u00f3tulos de los mismos.<\/p>\n<p>Teniendo en cuenta los conceptos expresados sobre el buen uso del medicamento, nos orientamos a implementar metas que conduzcan a posicionar a la sociedad argentina en los m\u00e1s altos par\u00e1metros de los sistemas de salud existentes en los pa\u00edses m\u00e1s desarrollados.<\/p>\n<p>Tomado de la Gu\u00eda Pr\u00e1ctica de Medicamentos de Venta Libre; Ed. Trinidad s.r.l.; 1999<\/p>\n<p>\n<\/div><\/p>\n","protected":false},"excerpt":{"rendered":"<p>\u00bfQu\u00e9 es un medicamento de Venta Libre? La ley argentina define: &#8220;Corresponde la condici\u00f3n de Venta Libre a aquellos medicamentos destinados a aliviar dolencias que no exigen en la pr\u00e1ctica de la intervenci\u00f3n m\u00e9dica y que adem\u00e1s, su uso en la forma, condiciones y dosis previstas, no entra\u00f1a, por su amplio margen de seguridad, peligros&nbsp;&nbsp;<a href=\"https:\/\/capemvel.org.ar\/?page_id=126\">m&aacute;s &raquo;<\/a><\/p>\n","protected":false},"author":1,"featured_media":0,"parent":53,"menu_order":0,"comment_status":"closed","ping_status":"closed","template":"","meta":{"footnotes":""},"class_list":["post-126","page","type-page","status-publish","hentry"],"_links":{"self":[{"href":"https:\/\/capemvel.org.ar\/index.php?rest_route=\/wp\/v2\/pages\/126","targetHints":{"allow":["GET"]}}],"collection":[{"href":"https:\/\/capemvel.org.ar\/index.php?rest_route=\/wp\/v2\/pages"}],"about":[{"href":"https:\/\/capemvel.org.ar\/index.php?rest_route=\/wp\/v2\/types\/page"}],"author":[{"embeddable":true,"href":"https:\/\/capemvel.org.ar\/index.php?rest_route=\/wp\/v2\/users\/1"}],"replies":[{"embeddable":true,"href":"https:\/\/capemvel.org.ar\/index.php?rest_route=%2Fwp%2Fv2%2Fcomments&post=126"}],"version-history":[{"count":2,"href":"https:\/\/capemvel.org.ar\/index.php?rest_route=\/wp\/v2\/pages\/126\/revisions"}],"predecessor-version":[{"id":434,"href":"https:\/\/capemvel.org.ar\/index.php?rest_route=\/wp\/v2\/pages\/126\/revisions\/434"}],"up":[{"embeddable":true,"href":"https:\/\/capemvel.org.ar\/index.php?rest_route=\/wp\/v2\/pages\/53"}],"wp:attachment":[{"href":"https:\/\/capemvel.org.ar\/index.php?rest_route=%2Fwp%2Fv2%2Fmedia&parent=126"}],"curies":[{"name":"wp","href":"https:\/\/api.w.org\/{rel}","templated":true}]}}